{"id":6,"date":"2026-03-17T15:52:09","date_gmt":"2026-03-17T15:52:09","guid":{"rendered":"https:\/\/calculadora-zenrelia.preproduccion.xyz\/?page_id=6"},"modified":"2026-03-17T15:54:32","modified_gmt":"2026-03-17T15:54:32","slug":"test-calculadora","status":"publish","type":"page","link":"https:\/\/calculadora-zenrelia.preproduccion.xyz\/?page_id=6","title":{"rendered":"Test calculadora"},"content":{"rendered":"\n<script>\n\tvar czrData = {\n\t\tpluginUrl: \"https:\/\/calculadora-zenrelia.preproduccion.xyz\/wp-content\/plugins\/calculadora-zenrelia\/\",\n\t\ti18n: {\"err_empty\":\"Por favor, introduzca el peso del perro.\",\"err_low\":\"No se ha investigado la seguridad en pesos inferiores a 3 kg. El uso en estos casos debe basarse en una evaluaci\\u00f3n beneficio-riesgo por parte del veterinario responsable.\",\"err_high\":\"Para perros con peso superior a 99,9 kg, consulte con el veterinario responsable para determinar la combinaci\\u00f3n adecuada.\",\"err_range\":\"Peso fuera del rango de la tabla de dosificaci\\u00f3n.\",\"lbl_weight\":\"Peso del perro:\",\"lbl_dose\":\"Dosis:\"}\t};\n<\/script>\n\n<div class=\"czr-wrap\" id=\"czr-calculadora\">\n\n\t<!-- T\u00edtulo -->\n\t<h2 class=\"czr-title\">Calculadora<\/h2>\n\n\t<!-- Contenedor principal con borde -->\n\t<div class=\"czr-container\">\n\n\t\t<!-- Secci\u00f3n header: \u00edcono + descripci\u00f3n -->\n\t\t<div class=\"czr-header-section\">\n\n\t\t\t<!-- \u00cdcono \"1 AL D\u00cdA \/ 1 AO DIA\" -->\n\t\t\t<div class=\"czr-icon-1dia\" aria-hidden=\"true\">\n\t\t\t\t<img\n\t\t\t\t\tsrc=\"https:\/\/calculadora-zenrelia.preproduccion.xyz\/wp-content\/plugins\/calculadora-zenrelia\/assets\/images\/icon-1dia-es.svg\"\n\t\t\t\t\twidth=\"130\"\n\t\t\t\t\theight=\"118\"\n\t\t\t\t\talt=\"\" \/>\n\t\t\t<\/div>\n\n\t\t\t<!-- Texto descriptivo -->\n\t\t\t<p class=\"czr-descripcion\">\n\t\t\t\tEsta calculadora permite determinar <strong>la dosificaci\u00f3n diaria de Zenrelia<sup>\u00ae<\/sup> (ilunocitinib) en perros<\/strong> a partir del peso corporal, asignando autom\u00e1ticamente <strong>la presentaci\u00f3n y el n\u00famero de comprimidos necesarios<\/strong> para una administraci\u00f3n <strong>una vez al d\u00eda,<\/strong> conforme a la dosis recomendada de 0,6 a 0,8 mg ilunocitinib \/kg \/d\u00eda.\t\t\t<\/p>\n\t\t<\/div>\n\n\t\t<!-- Paneles -->\n\t\t<div class=\"czr-panels\">\n\n\t\t\t<!-- Panel izquierdo: input -->\n\t\t\t<div class=\"czr-panel czr-panel--left\">\n\t\t\t\t<div class=\"czr-panel__label\">Peso del perro (kg)<\/div>\n\n\t\t\t\t<div class=\"czr-panel__input-container\">\n\t\t\t\t\t<input\n\t\t\t\t\t\ttype=\"number\"\n\t\t\t\t\t\tid=\"czr-peso-input\"\n\t\t\t\t\t\tclass=\"czr-input\"\n\t\t\t\t\t\tmin=\"3\"\n\t\t\t\t\t\tmax=\"150\"\n\t\t\t\t\t\tstep=\"0.1\"\n\t\t\t\t\t\tplaceholder=\"0,0\"\n\t\t\t\t\t\taria-label=\"Peso del perro en kilogramos\" \/>\n\n\t\t\t\t\t<button id=\"czr-calcular-btn\" class=\"czr-btn\" type=\"button\">\n\t\t\t\t\t\tCalcular dosis\t\t\t\t\t<\/button>\n\t\t\t\t<\/div>\n\t\t\t<\/div>\n\n\t\t\t<!-- Panel derecho: resultado -->\n\t\t\t<div class=\"czr-panel czr-panel--right\">\n\t\t\t\t<div class=\"czr-panel__label\">Dosificaci\u00f3n diaria recomendada:<\/div>\n\n\t\t\t\t<div id=\"czr-resultado\" class=\"czr-resultado\" aria-live=\"polite\" aria-atomic=\"true\">\n\t\t\t\t\t<p class=\"czr-resultado__placeholder\">\n\t\t\t\t\t\tIntroduzca el peso del perro y pulse <em>Calcular dosis<\/em>.\t\t\t\t\t<\/p>\n\t\t\t\t<\/div>\n\t\t\t<\/div>\n\n\t\t<\/div><!-- \/.czr-panels -->\n\n\t\t<!-- Banner recomendaci\u00f3n -->\n\t\t<p class=\"czr-banner\">\n\t\t\tRespetando la dosis: <strong>0,6 a 0,8 mg\/kg\/d\u00eda<\/strong>, se podr\u00e1 ajustar la presentaci\u00f3n del producto seg\u00fan criterio cl\u00ednico del veterinario y necesidad del paciente.\t\t<\/p>\n\n\t\t<!-- Disclaimer -->\n\t\t<p class=\"czr-disclaimer\">\n\t\t\tLa presentaci\u00f3n y el n\u00famero de comprimidos se determinan para alcanzar la dosis diaria adecuada en funci\u00f3n del peso corporal. Administrar una vez al d\u00eda, con o sin alimento. En perros de gran peso, puede ser necesaria la combinaci\u00f3n de comprimidos seg\u00fan criterio cl\u00ednico.\t\t<\/p>\n\n\t<\/div><!-- \/.czr-container -->\n\n<\/div><!-- \/.czr-wrap -->\n\n\n\n<p><\/p>\n","protected":false},"excerpt":{"rendered":"","protected":false},"author":1,"featured_media":0,"parent":0,"menu_order":0,"comment_status":"closed","ping_status":"closed","template":"","meta":{"footnotes":""},"class_list":["post-6","page","type-page","status-publish","hentry"],"_links":{"self":[{"href":"https:\/\/calculadora-zenrelia.preproduccion.xyz\/index.php?rest_route=\/wp\/v2\/pages\/6","targetHints":{"allow":["GET"]}}],"collection":[{"href":"https:\/\/calculadora-zenrelia.preproduccion.xyz\/index.php?rest_route=\/wp\/v2\/pages"}],"about":[{"href":"https:\/\/calculadora-zenrelia.preproduccion.xyz\/index.php?rest_route=\/wp\/v2\/types\/page"}],"author":[{"embeddable":true,"href":"https:\/\/calculadora-zenrelia.preproduccion.xyz\/index.php?rest_route=\/wp\/v2\/users\/1"}],"replies":[{"embeddable":true,"href":"https:\/\/calculadora-zenrelia.preproduccion.xyz\/index.php?rest_route=%2Fwp%2Fv2%2Fcomments&post=6"}],"version-history":[{"count":3,"href":"https:\/\/calculadora-zenrelia.preproduccion.xyz\/index.php?rest_route=\/wp\/v2\/pages\/6\/revisions"}],"predecessor-version":[{"id":10,"href":"https:\/\/calculadora-zenrelia.preproduccion.xyz\/index.php?rest_route=\/wp\/v2\/pages\/6\/revisions\/10"}],"wp:attachment":[{"href":"https:\/\/calculadora-zenrelia.preproduccion.xyz\/index.php?rest_route=%2Fwp%2Fv2%2Fmedia&parent=6"}],"curies":[{"name":"wp","href":"https:\/\/api.w.org\/{rel}","templated":true}]}}