{"id":14,"date":"2026-05-05T12:25:42","date_gmt":"2026-05-05T12:25:42","guid":{"rendered":"https:\/\/calculadora-zenrelia.preproduccion.xyz\/?page_id=14"},"modified":"2026-05-05T12:25:42","modified_gmt":"2026-05-05T12:25:42","slug":"test-calculadora-pt","status":"publish","type":"page","link":"https:\/\/calculadora-zenrelia.preproduccion.xyz\/?page_id=14","title":{"rendered":"Test calculadora (PT)"},"content":{"rendered":"\n<script>\n\tvar czrData = {\n\t\tpluginUrl: \"https:\/\/calculadora-zenrelia.preproduccion.xyz\/wp-content\/plugins\/calculadora-zenrelia\/\",\n\t\ti18n: {\"err_empty\":\"Por favor, introduza o peso do c\\u00e3o.\",\"err_low\":\"A seguran\\u00e7a n\\u00e3o foi investigada em pesos inferiores a 3 kg. O uso nesses casos deve basear-se numa avalia\\u00e7\\u00e3o benef\\u00edcio-risco pelo veterin\\u00e1rio respons\\u00e1vel.\",\"err_high\":\"Para c\\u00e3es com peso superior a 99,9 kg, consulte o veterin\\u00e1rio respons\\u00e1vel para determinar a combina\\u00e7\\u00e3o adequada.\",\"err_range\":\"Peso fora do intervalo da tabela de dosagem.\",\"lbl_weight\":\"Peso do c\\u00e3o:\",\"lbl_dose\":\"Dosagem:\"}\t};\n<\/script>\n\n<div class=\"czr-wrap\" id=\"czr-calculadora\">\n\n\t<!-- T\u00edtulo -->\n\t<h2 class=\"czr-title\">Calculadora<\/h2>\n\n\t<!-- Contenedor principal con borde -->\n\t<div class=\"czr-container\">\n\n\t\t<!-- Secci\u00f3n header: \u00edcono + descripci\u00f3n -->\n\t\t<div class=\"czr-header-section\">\n\n\t\t\t<!-- \u00cdcono \"1 AL D\u00cdA \/ 1 AO DIA\" -->\n\t\t\t<div class=\"czr-icon-1dia\" aria-hidden=\"true\">\n\t\t\t\t<img\n\t\t\t\t\tsrc=\"https:\/\/calculadora-zenrelia.preproduccion.xyz\/wp-content\/plugins\/calculadora-zenrelia\/assets\/images\/icon-1dia-pt.svg\"\n\t\t\t\t\twidth=\"130\"\n\t\t\t\t\theight=\"118\"\n\t\t\t\t\talt=\"\" \/>\n\t\t\t<\/div>\n\n\t\t\t<!-- Texto descriptivo -->\n\t\t\t<p class=\"czr-descripcion\">\n\t\t\t\tEsta calculadora permite determinar <strong>a posologia di\u00e1ria de Zenrelia<sup>\u00ae<\/sup> (ilunocitinib) em c\u00e3es<\/strong> com base no respetivo peso corporal, atribuindo <strong>a apresenta\u00e7\u00e3o e o n\u00famero de comprimidos necess\u00e1rios<\/strong> para administrar <strong>uma vez por dia,<\/strong> de acordo com a dose recomendada (0,6 a 0,8mg de ilunocitinib\/kg).\t\t\t<\/p>\n\t\t<\/div>\n\n\t\t<!-- Paneles -->\n\t\t<div class=\"czr-panels\">\n\n\t\t\t<!-- Panel izquierdo: input -->\n\t\t\t<div class=\"czr-panel czr-panel--left\">\n\t\t\t\t<div class=\"czr-panel__label\">Peso do c\u00e3o (kg)<\/div>\n\n\t\t\t\t<div class=\"czr-panel__input-container\">\n\t\t\t\t\t<input\n\t\t\t\t\t\ttype=\"number\"\n\t\t\t\t\t\tid=\"czr-peso-input\"\n\t\t\t\t\t\tclass=\"czr-input\"\n\t\t\t\t\t\tmin=\"3\"\n\t\t\t\t\t\tmax=\"150\"\n\t\t\t\t\t\tstep=\"0.1\"\n\t\t\t\t\t\tplaceholder=\"0,0\"\n\t\t\t\t\t\taria-label=\"Peso do c\u00e3o em quilogramas\" \/>\n\n\t\t\t\t\t<button id=\"czr-calcular-btn\" class=\"czr-btn\" type=\"button\">\n\t\t\t\t\t\tCalcular dosagem\t\t\t\t\t<\/button>\n\t\t\t\t<\/div>\n\t\t\t<\/div>\n\n\t\t\t<!-- Panel derecho: resultado -->\n\t\t\t<div class=\"czr-panel czr-panel--right\">\n\t\t\t\t<div class=\"czr-panel__label\">Dosagem di\u00e1ria recomendada:<\/div>\n\n\t\t\t\t<div id=\"czr-resultado\" class=\"czr-resultado\" aria-live=\"polite\" aria-atomic=\"true\">\n\t\t\t\t\t<p class=\"czr-resultado__placeholder\">\n\t\t\t\t\t\tIntroduza o peso do c\u00e3o e clique em <em>Calcular dose<\/em>.\t\t\t\t\t<\/p>\n\t\t\t\t<\/div>\n\t\t\t<\/div>\n\n\t\t<\/div><!-- \/.czr-panels -->\n\n\t\t<!-- Banner recomendaci\u00f3n -->\n\t\t<p class=\"czr-banner\">\n\t\t\tRecomenda\u00e7\u00e3o com base no RCMV. Respeitando a dose: <strong>0,6 a 0,8 mg\/kg\/dia<\/strong>, poder\u00e1 ajustar a(s) apreseta\u00e7\u00e3o(\u00f5es) proposta(s) de acordo com o peso e a resposta individual de cada paciente.\t\t<\/p>\n\n\t\t<!-- Disclaimer -->\n\t\t<p class=\"czr-disclaimer\">\n\t\t\tA apresenta\u00e7\u00e3o e o n\u00famero de comprimidos s\u00e3o calculados para assegurar a dose di\u00e1ria adequada ao peso corporal. Administrar uma vez por dia, com ou sem alimentos. Em c\u00e3es com peso igual ou superior a 75 kg, deve ser utilizada a combina\u00e7\u00e3o de comprimidos adequada.\t\t<\/p>\n\n\t<\/div><!-- \/.czr-container -->\n\n<\/div><!-- \/.czr-wrap -->\n","protected":false},"excerpt":{"rendered":"","protected":false},"author":1,"featured_media":0,"parent":0,"menu_order":0,"comment_status":"closed","ping_status":"closed","template":"","meta":{"footnotes":""},"class_list":["post-14","page","type-page","status-publish","hentry"],"_links":{"self":[{"href":"https:\/\/calculadora-zenrelia.preproduccion.xyz\/index.php?rest_route=\/wp\/v2\/pages\/14","targetHints":{"allow":["GET"]}}],"collection":[{"href":"https:\/\/calculadora-zenrelia.preproduccion.xyz\/index.php?rest_route=\/wp\/v2\/pages"}],"about":[{"href":"https:\/\/calculadora-zenrelia.preproduccion.xyz\/index.php?rest_route=\/wp\/v2\/types\/page"}],"author":[{"embeddable":true,"href":"https:\/\/calculadora-zenrelia.preproduccion.xyz\/index.php?rest_route=\/wp\/v2\/users\/1"}],"replies":[{"embeddable":true,"href":"https:\/\/calculadora-zenrelia.preproduccion.xyz\/index.php?rest_route=%2Fwp%2Fv2%2Fcomments&post=14"}],"version-history":[{"count":1,"href":"https:\/\/calculadora-zenrelia.preproduccion.xyz\/index.php?rest_route=\/wp\/v2\/pages\/14\/revisions"}],"predecessor-version":[{"id":15,"href":"https:\/\/calculadora-zenrelia.preproduccion.xyz\/index.php?rest_route=\/wp\/v2\/pages\/14\/revisions\/15"}],"wp:attachment":[{"href":"https:\/\/calculadora-zenrelia.preproduccion.xyz\/index.php?rest_route=%2Fwp%2Fv2%2Fmedia&parent=14"}],"curies":[{"name":"wp","href":"https:\/\/api.w.org\/{rel}","templated":true}]}}